{"id":7,"date":"2018-09-01T14:52:03","date_gmt":"2018-09-01T12:52:03","guid":{"rendered":"https:\/\/www.a2z.de\/?page_id=7"},"modified":"2026-01-09T15:39:12","modified_gmt":"2026-01-09T14:39:12","slug":"impressum","status":"publish","type":"page","link":"https:\/\/www.a2z.de\/index.php\/impressum\/","title":{"rendered":"Impressum"},"content":{"rendered":"<p>HSL SystemDesign GmbH<br \/>\nWalder Stra\u00dfe 5<br \/>\nD-42781 Haan<\/p>\n<p>Telefon +49 (0)2129 \/ 915-0<br \/>\nFax +49 (0)2129 \/ 915-123<\/p>\n<p>Email info(at)hsl.com<\/p>\n<p>Gesch\u00e4ftsf\u00fchrung<br \/>\nHans Landwehr GF<br \/>\nHartmut Landwehr GF<\/p>\n<p>Verwaltung<br \/>\nClaudia Feldkamp<\/p>\n<p>HRB 13454 D\u00fcsseldorf<br \/>\nUST-ID: DE 119 253 073<br \/>\nSt.Nr. : 135\/5734\/0544<br \/>\nInhaltlich Verantwortlicher gem\u00e4\u00df<br \/>\n\u00a7 10 Absatz 3 MDStV:<br \/>\nHartmut Landwehr<br \/>\n(Anschrift wie oben)<\/p>\n<p>Disclaimer:<br \/>\nHaftungshinweis: Trotz sorgf\u00e4ltiger inhaltlicher Kontrolle \u00fcbernehmen wir keine Haftung f\u00fcr die Inhalte externer Links. F\u00fcr den Inhalt der verlinkten Seiten sind ausschlie\u00dflich deren Betreiber verantwortlich.<\/p>\n<p>Wenn Sie diesen Links folgen verlassen Sie unser Internetangebot. Die HSL\u00fcbernimmt weder die Verantwortung f\u00fcr die Richtigkeit der auf der angesteuerten Website bereitgestellten Informationen noch machen wir uns deren Inhalt zu Eigen oder teilen unbedingt die dort vertretenen Meinungen. Die HSL \u00fcbernimmt keinerlei Haftung.<\/p>\n","protected":false},"excerpt":{"rendered":"<p>HSL SystemDesign GmbH Walder Stra\u00dfe 5 D-42781 Haan Telefon +49 (0)2129 \/ 915-0 Fax +49 (0)2129 \/ 915-123 Email info(at)hsl.com Gesch\u00e4ftsf\u00fchrung Hans Landwehr GF Hartmut Landwehr GF Verwaltung Claudia Feldkamp HRB 13454 D\u00fcsseldorf UST-ID: DE 119 253 073 St.Nr. : 135\/5734\/0544 Inhaltlich Verantwortlicher gem\u00e4\u00df \u00a7 10 Absatz 3 MDStV: Hartmut Landwehr (Anschrift wie oben) Disclaimer: &#8230; <a title=\"Impressum\" class=\"read-more\" href=\"https:\/\/www.a2z.de\/index.php\/impressum\/\" aria-label=\"Mehr zu Impressum\">Read more<\/a><\/p>\n","protected":false},"author":1,"featured_media":0,"parent":0,"menu_order":0,"comment_status":"closed","ping_status":"closed","template":"","meta":[],"_links":{"self":[{"href":"https:\/\/www.a2z.de\/index.php\/wp-json\/wp\/v2\/pages\/7"}],"collection":[{"href":"https:\/\/www.a2z.de\/index.php\/wp-json\/wp\/v2\/pages"}],"about":[{"href":"https:\/\/www.a2z.de\/index.php\/wp-json\/wp\/v2\/types\/page"}],"author":[{"embeddable":true,"href":"https:\/\/www.a2z.de\/index.php\/wp-json\/wp\/v2\/users\/1"}],"replies":[{"embeddable":true,"href":"https:\/\/www.a2z.de\/index.php\/wp-json\/wp\/v2\/comments?post=7"}],"version-history":[{"count":7,"href":"https:\/\/www.a2z.de\/index.php\/wp-json\/wp\/v2\/pages\/7\/revisions"}],"predecessor-version":[{"id":1282,"href":"https:\/\/www.a2z.de\/index.php\/wp-json\/wp\/v2\/pages\/7\/revisions\/1282"}],"wp:attachment":[{"href":"https:\/\/www.a2z.de\/index.php\/wp-json\/wp\/v2\/media?parent=7"}],"curies":[{"name":"wp","href":"https:\/\/api.w.org\/{rel}","templated":true}]}}